{"id":348,"date":"2023-01-25T13:43:33","date_gmt":"2023-01-25T13:43:33","guid":{"rendered":"https:\/\/sprachendienst-el-maghraby.de\/business-customers"},"modified":"2024-01-18T12:26:18","modified_gmt":"2024-01-18T12:26:18","slug":"business-customers","status":"publish","type":"page","link":"https:\/\/sprachendienst-el-maghraby.de\/en\/business-customers","title":{"rendered":"Business customers"},"content":{"rendered":"<p>[et_pb_section fb_built=&#8221;1&#8243; custom_padding_last_edited=&#8221;on|phone&#8221; _builder_version=&#8221;4.19.4&#8243; _module_preset=&#8221;default&#8221; use_background_color_gradient=&#8221;on&#8221; background_color_gradient_type=&#8221;circular&#8221; background_color_gradient_stops=&#8221;rgba(0,0,0,0.39) 0%|rgba(0,0,0,0.39) 100%&#8221; background_color_gradient_overlays_image=&#8221;on&#8221; background_color_gradient_start=&#8221;rgba(0,0,0,0.39)&#8221; background_color_gradient_end=&#8221;rgba(0,0,0,0.39)&#8221; background_image=&#8221;https:\/\/sprachendienst-el-maghraby.de\/wp-content\/uploads\/2023\/02\/depositphotos_41439475-stock-photo-business-people-shaking-hands.webp&#8221; custom_margin=&#8221;0px||0px||false|false&#8221; custom_padding=&#8221;35vh||35vh||true|false&#8221; custom_padding_tablet=&#8221;150px||150px||true|false&#8221; custom_padding_phone=&#8221;75px||75px||true|false&#8221; animation_style=&#8221;fade&#8221; animation_duration=&#8221;900ms&#8221; animation_speed_curve=&#8221;ease&#8221; global_colors_info=&#8221;{}&#8221;][et_pb_row custom_padding_last_edited=&#8221;on|tablet&#8221; _builder_version=&#8221;4.16&#8243; _module_preset=&#8221;default&#8221; width=&#8221;100%&#8221; max_width=&#8221;100%&#8221; module_alignment=&#8221;center&#8221; custom_margin=&#8221;0px||0px||false|false&#8221; custom_padding=&#8221;0px||0px|34vw|false|false&#8221; custom_padding_tablet=&#8221;0px|10vw|0px|35vw|false|false&#8221; custom_padding_phone=&#8221;|5vw||5vw|false|false&#8221; global_colors_info=&#8221;{}&#8221;][et_pb_column type=&#8221;4_4&#8243; _builder_version=&#8221;4.16&#8243; _module_preset=&#8221;default&#8221; global_colors_info=&#8221;{}&#8221;][et_pb_text _builder_version=&#8221;4.19.4&#8243; _module_preset=&#8221;default&#8221; text_text_color=&#8221;#FFFFFF&#8221; header_3_font=&#8221;Lexend Deca|700|||||||&#8221; header_3_text_align=&#8221;left&#8221; header_3_text_color=&#8221;#FFFFFF&#8221; header_3_font_size=&#8221;15px&#8221; header_3_letter_spacing=&#8221;6px&#8221; max_width=&#8221;720px&#8221; custom_margin=&#8221;0px||10px||false|false&#8221; custom_padding=&#8221;0px||0px||false|false&#8221; animation_style=&#8221;slide&#8221; animation_direction=&#8221;left&#8221; animation_duration=&#8221;900ms&#8221; animation_delay=&#8221;400ms&#8221; animation_intensity_slide=&#8221;12%&#8221; animation_speed_curve=&#8221;ease&#8221; header_3_font_size_tablet=&#8221;15px&#8221; header_3_font_size_phone=&#8221;13px&#8221; header_3_font_size_last_edited=&#8221;on|phone&#8221; custom_css_main_element=&#8221;display:inline-block;&#8221; border_width_bottom=&#8221;1px&#8221; border_color_bottom=&#8221;#FFFFFF&#8221; global_colors_info=&#8221;{}&#8221;]<\/p>\n<h3>Company inquiries<\/h3>\n<p>[\/et_pb_text][et_pb_text _builder_version=&#8221;4.16&#8243; _module_preset=&#8221;default&#8221; header_font=&#8221;Lexend Deca|700|||||||&#8221; header_text_align=&#8221;left&#8221; header_text_color=&#8221;#FFFFFF&#8221; header_font_size=&#8221;70px&#8221; header_line_height=&#8221;1.2em&#8221; max_width=&#8221;720px&#8221; module_alignment=&#8221;left&#8221; custom_margin=&#8221;0px||10px||false|false&#8221; custom_padding=&#8221;0px||0px||false|false&#8221; animation_style=&#8221;slide&#8221; animation_direction=&#8221;right&#8221; animation_duration=&#8221;900ms&#8221; animation_delay=&#8221;800ms&#8221; animation_intensity_slide=&#8221;10%&#8221; animation_speed_curve=&#8221;ease&#8221; header_font_size_tablet=&#8221;39px&#8221; header_font_size_phone=&#8221;34px&#8221; header_font_size_last_edited=&#8221;on|tablet&#8221; global_colors_info=&#8221;{}&#8221;]<\/p>\n<h1>Business customers<\/h1>\n<p>[\/et_pb_text][\/et_pb_column][\/et_pb_row][\/et_pb_section][et_pb_section fb_built=&#8221;1&#8243; custom_padding_last_edited=&#8221;on|phone&#8221; _builder_version=&#8221;4.16&#8243; _module_preset=&#8221;default&#8221; background_enable_image=&#8221;off&#8221; background_size=&#8221;initial&#8221; background_position=&#8221;bottom_center&#8221; custom_margin=&#8221;0px||0px||false|false&#8221; custom_padding=&#8221;175px||100px||false|false&#8221; custom_padding_tablet=&#8221;175px||120px||false|false&#8221; custom_padding_phone=&#8221;160px||90px||false|false&#8221; global_colors_info=&#8221;{}&#8221;][et_pb_row _builder_version=&#8221;4.18.0&#8243; _module_preset=&#8221;default&#8221; width=&#8221;90%&#8221; max_width=&#8221;1170px&#8221; custom_margin=&#8221;0px||63px||false|false&#8221; custom_padding=&#8221;0px||0px||false|false&#8221; global_colors_info=&#8221;{}&#8221;][et_pb_column type=&#8221;4_4&#8243; _builder_version=&#8221;4.18.0&#8243; _module_preset=&#8221;default&#8221; global_colors_info=&#8221;{}&#8221;][et_pb_text _builder_version=&#8221;4.23.4&#8243; _module_preset=&#8221;default&#8221; header_3_font=&#8221;Lexend Deca||||||||&#8221; header_3_text_align=&#8221;center&#8221; header_3_text_color=&#8221;#b2b8bf&#8221; header_3_font_size=&#8221;13px&#8221; header_3_letter_spacing=&#8221;3px&#8221; custom_margin=&#8221;0px||-5px||false|false&#8221; custom_padding=&#8221;0px||0px||false|false&#8221; global_colors_info=&#8221;{}&#8221;]<\/p>\n<h3>Wir sorgen f\u00fcr einen komplikationsfreien Ablauf<\/h3>\n<p>[\/et_pb_text][et_pb_text _builder_version=&#8221;4.19.4&#8243; _module_preset=&#8221;default&#8221; header_2_font=&#8221;Lexend Deca||||||||&#8221; header_2_text_align=&#8221;center&#8221; header_2_text_color=&#8221;#2d3845&#8243; header_2_font_size=&#8221;40px&#8221; header_2_line_height=&#8221;1.3em&#8221; custom_margin=&#8221;0px||12px||false|false&#8221; custom_padding=&#8221;0px||0px||false|false&#8221; header_2_font_size_tablet=&#8221;40px&#8221; header_2_font_size_phone=&#8221;30px&#8221; header_2_font_size_last_edited=&#8221;on|phone&#8221; global_colors_info=&#8221;{}&#8221;]<\/p>\n<h2>Deutsche und ausl\u00e4ndische Gesch\u00e4ftspartner<\/h2>\n<p>[\/et_pb_text][et_pb_text _builder_version=&#8221;4.19.4&#8243; _module_preset=&#8221;default&#8221; text_font=&#8221;Didact Gothic||||||||&#8221; text_text_color=&#8221;#8b95a0&#8243; text_font_size=&#8221;16px&#8221; text_line_height=&#8221;1.6em&#8221; text_orientation=&#8221;center&#8221; max_width=&#8221;702px&#8221; module_alignment=&#8221;center&#8221; custom_margin=&#8221;0px||0px||false|false&#8221; custom_padding=&#8221;0px||0px||false|false&#8221; global_colors_info=&#8221;{}&#8221;]<\/p>\n<h1 style=\"text-align: justify;\"><span style=\"color: #8b95a0; font-size: medium;\">Sie wollen in Deutschland oder im Ausland Ihre Gesch\u00e4ftsbeziehungen pflegen, sich neue M\u00e4rkte erschlie\u00dfen oder Ihre bestehenden Gesch\u00e4ftsbeziehungen erweitern? Sie erwarten einen Besuch ausl\u00e4ndischer Gesch\u00e4ftspartner oder Sie wollen diesen Ihre Produkte vorstellen? Oder planen Sie eine Gesch\u00e4ftsreise ins Ausland? Unsere zuverl\u00e4ssigen Dolmetscher k\u00f6nnen Sie auch dabei unterst\u00fctzen. Der Sprachendienst El-Maghraby bietet Unternehmen in folgenden Bereichen seine professionellen\u00a0 Dienste an:\u00a0<\/span><\/h1>\n<p style=\"text-align: justify;\"><span style=\"color: #8b95a0; font-size: medium;\"><\/span><\/p>\n<ul style=\"text-align: justify;\">\n<li style=\"text-align: left;\">Aufbau und Pflege von Gesch\u00e4ftskontakten zwischen deutschen und ausl\u00e4ndischen Unternehmen,<\/li>\n<li style=\"text-align: left;\">Gesch\u00e4ftsreisen in Deutschland sowie im Ausland,<\/li>\n<li style=\"text-align: left;\">Korrespondenz mit ausl\u00e4ndischen\/deutschen Unternehmen,<\/li>\n<li style=\"text-align: left;\">\u00dcbersetzung der Vertr\u00e4ge und Dolmetschen der Verhandlungen vor Gesch\u00e4ftsabschluss,<\/li>\n<li style=\"text-align: left;\">Umsetzung von Gesch\u00e4ftsideen im Ausland, z. B. Import\/Export,<\/li>\n<li style=\"text-align: left;\">Organisation von Fortbildungen bei deutschen und ausl\u00e4ndischen akademischen und beh\u00f6rdlichen Institutionen,<\/li>\n<li style=\"text-align: left;\">Telefonmarketing,<\/li>\n<li style=\"text-align: left;\">F\u00fchrungen durch Industriebetriebe in Deutschland und im Ausland.<\/li>\n<\/ul>\n<ul style=\"text-align: justify;\"><\/ul>\n<p style=\"text-align: justify;\"><span><\/span><\/p>\n<p><span><\/span><\/p>\n<p>[\/et_pb_text][\/et_pb_column][\/et_pb_row][et_pb_row column_structure=&#8221;1_3,1_3,1_3&#8243; _builder_version=&#8221;4.16&#8243; _module_preset=&#8221;default&#8221; custom_margin=&#8221;-57px|auto||auto||&#8221; global_colors_info=&#8221;{}&#8221;][et_pb_column type=&#8221;1_3&#8243; _builder_version=&#8221;4.16&#8243; _module_preset=&#8221;default&#8221; global_colors_info=&#8221;{}&#8221;][\/et_pb_column][et_pb_column type=&#8221;1_3&#8243; _builder_version=&#8221;4.16&#8243; _module_preset=&#8221;default&#8221; global_colors_info=&#8221;{}&#8221;][et_pb_button button_url=&#8221;https:\/\/sprachendienst-el-maghraby.de\/en\/contact&#8221; button_text=&#8221;Request a quote now&#8221; button_alignment=&#8221;center&#8221; _builder_version=&#8221;4.23.4&#8243; _module_preset=&#8221;default&#8221; custom_button=&#8221;on&#8221; button_text_size=&#8221;13px&#8221; button_text_color=&#8221;#2d3845&#8243; button_bg_color=&#8221;RGBA(255,255,255,0)&#8221; button_border_width=&#8221;1px&#8221; button_border_color=&#8221;#d9d9d9&#8243; button_border_radius=&#8221;6px&#8221; button_font=&#8221;Lexend Deca||||||||&#8221; button_use_icon=&#8221;off&#8221; custom_margin=&#8221;0px|30px|30px|30px|false|false&#8221; custom_padding=&#8221;13px||14px||false|false&#8221; hover_enabled=&#8221;0&#8243; custom_css_main_element=&#8221;width:100%;&#8221; global_colors_info=&#8221;{}&#8221; button_bg_color__hover_enabled=&#8221;on|hover&#8221; button_bg_color__hover=&#8221;#0067da&#8221; button_bg_enable_color__hover=&#8221;on&#8221; button_text_color__hover_enabled=&#8221;on|desktop&#8221; button_text_color__hover=&#8221;#FFFFFF&#8221; button_letter_spacing__hover_enabled=&#8221;on|hover&#8221; button_letter_spacing__hover=&#8221;0px&#8221; sticky_enabled=&#8221;0&#8243;][\/et_pb_button][\/et_pb_column][et_pb_column type=&#8221;1_3&#8243; _builder_version=&#8221;4.16&#8243; _module_preset=&#8221;default&#8221; global_colors_info=&#8221;{}&#8221;][\/et_pb_column][\/et_pb_row][\/et_pb_section][et_pb_section fb_built=&#8221;1&#8243; admin_label=&#8221;Call To Action&#8221; _builder_version=&#8221;4.16&#8243; background_color=&#8221;#f1f5f7&#8243; background_image=&#8221;https:\/\/sprachendienst-el-maghraby.de\/wp-content\/uploads\/2023\/01\/doctors-01.png&#8221; background_size=&#8221;contain&#8221; background_position=&#8221;center_left&#8221; custom_margin=&#8221;0px|0px|0px|0px&#8221; custom_padding=&#8221;0|0px|0|0px|false|false&#8221; border_color_all=&#8221;#f1f5f7&#8243; border_width_bottom=&#8221;50px&#8221; global_colors_info=&#8221;{}&#8221;][et_pb_row use_custom_gutter=&#8221;on&#8221; _builder_version=&#8221;4.19.4&#8243; use_background_color_gradient=&#8221;on&#8221; background_color_gradient_stops=&#8221;rgba(49,128,192,0.39) 0%|rgba(49,128,192,0.6) 100%&#8221; background_color_gradient_overlays_image=&#8221;on&#8221; background_color_gradient_start=&#8221;rgba(49,128,192,0.39)&#8221; background_color_gradient_end=&#8221;rgba(49,128,192,0.6)&#8221; background_image=&#8221;https:\/\/sprachendienst-el-maghraby.de\/wp-content\/uploads\/2023\/01\/book-6709160_960_720.jpg&#8221; width=&#8221;93%&#8221; max_width=&#8221;93%&#8221; module_alignment=&#8221;right&#8221; custom_margin=&#8221;|||&#8221; custom_margin_phone=&#8221;|||&#8221; custom_margin_last_edited=&#8221;off|desktop&#8221; custom_padding=&#8221;100px|40px|100px|40px|true|true&#8221; animation_style=&#8221;slide&#8221; animation_direction=&#8221;right&#8221; animation_intensity_slide=&#8221;5%&#8221; border_radii=&#8221;|30px|||30px&#8221; box_shadow_style=&#8221;preset3&#8243; box_shadow_vertical=&#8221;30px&#8221; box_shadow_blur=&#8221;80px&#8221; box_shadow_spread=&#8221;-30px&#8221; box_shadow_color=&#8221;rgba(102,141,186,0.7)&#8221; use_custom_width=&#8221;on&#8221; width_unit=&#8221;off&#8221; custom_width_percent=&#8221;93%&#8221; global_colors_info=&#8221;{}&#8221;][et_pb_column type=&#8221;4_4&#8243; _builder_version=&#8221;4.16&#8243; custom_padding=&#8221;|||&#8221; global_colors_info=&#8221;{}&#8221; custom_padding__hover=&#8221;|||&#8221;][et_pb_text _builder_version=&#8221;4.16&#8243; header_font=&#8221;||||||||&#8221; header_2_font=&#8221;Montserrat|300|||||||&#8221; header_2_text_align=&#8221;center&#8221; header_2_text_color=&#8221;#ffffff&#8221; header_2_font_size=&#8221;55px&#8221; header_2_line_height=&#8221;1.4em&#8221; max_width=&#8221;900px&#8221; module_alignment=&#8221;center&#8221; header_2_font_size_tablet=&#8221;40px&#8221; header_2_font_size_phone=&#8221;30px&#8221; header_2_font_size_last_edited=&#8221;on|phone&#8221; global_colors_info=&#8221;{}&#8221;]<\/p>\n<h2>Are you interested?<\/h2>\n<p>[\/et_pb_text][et_pb_text _builder_version=&#8221;4.16&#8243; text_font=&#8221;Montserrat|300|||||||&#8221; text_font_size=&#8221;22px&#8221; header_font=&#8221;||||||||&#8221; text_orientation=&#8221;center&#8221; background_layout=&#8221;dark&#8221; global_colors_info=&#8221;{}&#8221;]<\/p>\n<p>Write us an e-mail<\/p>\n<p><strong>Or contact us at &#8211; <span>0176 38 41 69 57<\/span><\/strong><\/p>\n<p>[\/et_pb_text][et_pb_code _builder_version=&#8221;4.19.4&#8243; _module_preset=&#8221;default&#8221; custom_margin=&#8221;|||546px||&#8221; global_colors_info=&#8221;{}&#8221;]\n<div class=\"wpcf7 no-js\" id=\"wpcf7-f418-o1\" lang=\"en-US\" dir=\"ltr\">\n<div class=\"screen-reader-response\"><p role=\"status\" aria-live=\"polite\" aria-atomic=\"true\"><\/p> <ul><\/ul><\/div>\n<form action=\"\/en\/wp-json\/wp\/v2\/pages\/348#wpcf7-f418-o1\" method=\"post\" class=\"wpcf7-form init\" aria-label=\"Contact form\" enctype=\"multipart\/form-data\" novalidate=\"novalidate\" data-status=\"init\">\n<div style=\"display: none;\">\n<input type=\"hidden\" name=\"_wpcf7\" value=\"418\" \/>\n<input type=\"hidden\" name=\"_wpcf7_version\" value=\"5.7.7\" \/>\n<input type=\"hidden\" name=\"_wpcf7_locale\" value=\"en_US\" \/>\n<input type=\"hidden\" name=\"_wpcf7_unit_tag\" value=\"wpcf7-f418-o1\" \/>\n<input type=\"hidden\" name=\"_wpcf7_container_post\" value=\"0\" \/>\n<input type=\"hidden\" name=\"_wpcf7_posted_data_hash\" value=\"\" \/>\n<\/div>\n<p><span class=\"wpcf7-form-control-wrap\" data-name=\"Vorname\"><input size=\"40\" class=\"wpcf7-form-control wpcf7-text wpcf7-validates-as-required\" aria-required=\"true\" aria-invalid=\"false\" value=\"First name\" type=\"text\" name=\"Vorname\" \/><\/span><span class=\"wpcf7-form-control-wrap\" data-name=\"Nachname\"><input size=\"40\" class=\"wpcf7-form-control wpcf7-text wpcf7-validates-as-required\" aria-required=\"true\" aria-invalid=\"false\" value=\"Last name\" type=\"text\" name=\"Nachname\" \/><\/span>\n<\/p>\n<p><span class=\"wpcf7-form-control-wrap\" data-name=\"Firmenname\"><input size=\"40\" class=\"wpcf7-form-control wpcf7-text wpcf7-validates-as-required\" aria-required=\"true\" aria-invalid=\"false\" value=\"company name\" type=\"text\" name=\"Firmenname\" \/><\/span><span class=\"wpcf7-form-control-wrap\" data-name=\"Korrekturlesen\"><select class=\"wpcf7-form-control wpcf7-select wpcf7-validates-as-required\" aria-required=\"true\" aria-invalid=\"false\" name=\"Korrekturlesen\"><option value=\"proofreading\">proofreading<\/option><option value=\"yes\">yes<\/option><option value=\"no\">no<\/option><\/select><\/span>\n<\/p>\n<p><span class=\"wpcf7-form-control-wrap\" data-name=\"E-Mail\"><input size=\"40\" class=\"wpcf7-form-control wpcf7-text wpcf7-email wpcf7-validates-as-required wpcf7-validates-as-email\" aria-required=\"true\" aria-invalid=\"false\" value=\"E-Mail\" type=\"email\" name=\"E-Mail\" \/><\/span><span class=\"wpcf7-form-control-wrap\" data-name=\"Telefonnummer\"><input size=\"40\" class=\"wpcf7-form-control wpcf7-text wpcf7-tel wpcf7-validates-as-required wpcf7-validates-as-tel\" aria-required=\"true\" aria-invalid=\"false\" value=\"phone number\" type=\"tel\" name=\"Telefonnummer\" \/><\/span>\n<\/p>\n<p><span class=\"wpcf7-form-control-wrap\" data-name=\"Liefertermin\"><input class=\"wpcf7-form-control wpcf7-date wpcf7-validates-as-date\" aria-invalid=\"false\" value=\"date of delivery\" type=\"date\" name=\"Liefertermin\" \/><\/span><span class=\"wpcf7-form-control-wrap\" data-name=\"WebsiteURL\"><input size=\"40\" class=\"wpcf7-form-control wpcf7-text wpcf7-url wpcf7-validates-as-required wpcf7-validates-as-url\" aria-required=\"true\" aria-invalid=\"false\" value=\"Website URL\" type=\"url\" name=\"WebsiteURL\" \/><\/span>\n<\/p>\n<p><span class=\"wpcf7-form-control-wrap\" data-name=\"Ausgangssprache\"><input size=\"40\" class=\"wpcf7-form-control wpcf7-text wpcf7-validates-as-required\" aria-required=\"true\" aria-invalid=\"false\" value=\"source language\" type=\"text\" name=\"Ausgangssprache\" \/><\/span><span class=\"wpcf7-form-control-wrap\" data-name=\"Zielsprache\"><input size=\"40\" class=\"wpcf7-form-control wpcf7-text wpcf7-validates-as-required\" aria-required=\"true\" aria-invalid=\"false\" value=\"target language\" type=\"text\" name=\"Zielsprache\" \/><\/span>\n<\/p>\n<p><span class=\"wpcf7-form-control-wrap\" data-name=\"fileUpload\"><input size=\"40\" class=\"wpcf7-form-control wpcf7-file\" accept=\"audio\/*,video\/*,image\/*\" aria-invalid=\"false\" type=\"file\" name=\"fileUpload\" \/><\/span>\n<\/p>\n<p><span class=\"wpcf7-form-control-wrap\" data-name=\"Nachricht\"><textarea cols=\"40\" rows=\"10\" class=\"wpcf7-form-control wpcf7-textarea wpcf7-validates-as-required\" aria-required=\"true\" aria-invalid=\"false\" name=\"Nachricht\">message<\/textarea><\/span>\n<\/p>\n<p><input class=\"wpcf7-form-control has-spinner wpcf7-submit\" type=\"submit\" value=\"Send\" \/>\n<\/p><div class=\"wpcf7-response-output\" aria-hidden=\"true\"><\/div>\n<\/form>\n<\/div>\n[\/et_pb_code][\/et_pb_column][\/et_pb_row][\/et_pb_section]<\/p>\n","protected":false},"excerpt":{"rendered":"<p>Company inquiriesBusiness customersWir sorgen f\u00fcr einen komplikationsfreien AblaufDeutsche und ausl\u00e4ndische Gesch\u00e4ftspartnerSie wollen in Deutschland oder im Ausland Ihre Gesch\u00e4ftsbeziehungen pflegen, sich neue M\u00e4rkte erschlie\u00dfen oder Ihre bestehenden Gesch\u00e4ftsbeziehungen erweitern? Sie erwarten einen Besuch ausl\u00e4ndischer Gesch\u00e4ftspartner oder Sie wollen diesen Ihre Produkte vorstellen? Oder planen Sie eine Gesch\u00e4ftsreise ins Ausland? Unsere zuverl\u00e4ssigen Dolmetscher k\u00f6nnen Sie auch [&hellip;]<\/p>\n","protected":false},"author":1,"featured_media":0,"parent":0,"menu_order":0,"comment_status":"closed","ping_status":"closed","template":"","meta":{"_et_pb_use_builder":"on","_et_pb_old_content":"","_et_gb_content_width":""},"_links":{"self":[{"href":"https:\/\/sprachendienst-el-maghraby.de\/en\/wp-json\/wp\/v2\/pages\/348"}],"collection":[{"href":"https:\/\/sprachendienst-el-maghraby.de\/en\/wp-json\/wp\/v2\/pages"}],"about":[{"href":"https:\/\/sprachendienst-el-maghraby.de\/en\/wp-json\/wp\/v2\/types\/page"}],"author":[{"embeddable":true,"href":"https:\/\/sprachendienst-el-maghraby.de\/en\/wp-json\/wp\/v2\/users\/1"}],"replies":[{"embeddable":true,"href":"https:\/\/sprachendienst-el-maghraby.de\/en\/wp-json\/wp\/v2\/comments?post=348"}],"version-history":[{"count":16,"href":"https:\/\/sprachendienst-el-maghraby.de\/en\/wp-json\/wp\/v2\/pages\/348\/revisions"}],"predecessor-version":[{"id":618,"href":"https:\/\/sprachendienst-el-maghraby.de\/en\/wp-json\/wp\/v2\/pages\/348\/revisions\/618"}],"wp:attachment":[{"href":"https:\/\/sprachendienst-el-maghraby.de\/en\/wp-json\/wp\/v2\/media?parent=348"}],"curies":[{"name":"wp","href":"https:\/\/api.w.org\/{rel}","templated":true}]}}