{"id":354,"date":"2023-01-03T11:08:50","date_gmt":"2023-01-03T11:08:50","guid":{"rendered":"https:\/\/sprachendienst-el-maghraby.de\/imprint"},"modified":"2023-04-17T15:22:35","modified_gmt":"2023-04-17T15:22:35","slug":"imprint","status":"publish","type":"page","link":"https:\/\/sprachendienst-el-maghraby.de\/en\/imprint","title":{"rendered":"Imprint"},"content":{"rendered":"<p>[et_pb_section fb_built=&#8221;1&#8243; admin_label=&#8221;section&#8221; _builder_version=&#8221;4.16&#8243; global_colors_info=&#8221;{}&#8221;][et_pb_row _builder_version=&#8221;4.19.4&#8243; _module_preset=&#8221;default&#8221; global_colors_info=&#8221;{}&#8221;][et_pb_column type=&#8221;4_4&#8243; _builder_version=&#8221;4.19.4&#8243; _module_preset=&#8221;default&#8221; global_colors_info=&#8221;{}&#8221;][et_pb_text _builder_version=&#8221;4.19.4&#8243; _module_preset=&#8221;default&#8221; hover_enabled=&#8221;0&#8243; global_colors_info=&#8221;{}&#8221; sticky_enabled=&#8221;0&#8243;]<\/p>\n<h1 style=\"text-align: left;\">Imprint<\/h1>\n<h2 style=\"text-align: left;\">Information according to \u00a7 5 TMG<\/h2>\n<p style=\"text-align: left;\">El-Maghraby Language Service<br \/>Audenstra\u00dfe 2-4<br \/>61348 Bad Homburg<\/p>\n<p style=\"text-align: left;\">Management: Sabri El-Maghraby<\/p>\n<p style=\"text-align: left;\">USt-ID: DE238573428<\/p>\n<p style=\"text-align: left;\">Responsible according to \u00a7 55 para. 2 RStV:<br \/>Sabri El-Maghraby (address as above)<\/p>\n<h2 style=\"text-align: left;\">Contact<\/h2>\n<p style=\"text-align: left;\">Tel: 06172 49 58 921<br \/>Tel: 06172 49 58 922<br \/>Fax: 06172 49 58 920<br \/>Mobil: 0176 38 41 69 57<br \/>E-Mail: <a href=\"mailto:info@uebersetzer-elmaghraby.de\">info@sprachendienst-el-maghraby.de<\/a><\/p>\n<h2 style=\"text-align: justify;\">EU Dispute Resolution<\/h2>\n<p style=\"text-align: justify;\">The European Commission provides a platform for online dispute resolution (OS):<span> <\/span><a href=\"https:\/\/ec.europa.eu\/consumers\/odr\/\" target=\"_blank\" rel=\"noopener noreferrer\">https:\/\/ec.europa.eu\/consumers\/odr\/<\/a>.<br \/>You can find our e-mail address in the imprint above.<\/p>\n<h2 style=\"text-align: justify;\">Consumer dispute resolution\/universal arbitration board<\/h2>\n<p style=\"text-align: justify;\">We participate in a dispute resolution procedure before a consumer arbitration board. The universal arbitration board of the Zentrum f\u00fcr Schlichtung e.V., Stra\u00dfburger Stra\u00dfe 8, 77694 Kehl am Rhein (<a href=\"https:\/\/www.verbraucher-schlichter.de\/\" rel=\"noopener noreferrer\" target=\"_blank\">https:\/\/www.verbraucher-schlichter.de<\/a>).<\/p>\n<h2 style=\"text-align: justify;\"><strong>Legal notice<\/strong><\/h2>\n<p style=\"text-align: justify;\"><strong>Limitation of liability for own content<\/strong><\/p>\n<p style=\"text-align: justify;\">The contents of our web pages were created carefully and to the best of our knowledge. Nevertheless, no guarantee can be given for the topicality, completeness and correctness of all pages. According to \u00a7 7 para. 1 TMG we are responsible as a service provider for our own content on these pages under the general laws. However, as a service provider, we are not obligated under \u00a7\u00a7 8 to 10 TMG to monitor transmitted or stored third-party information. From the time we become aware of a specific infringement, we will remove this content immediately. Liability in this regard can only be assumed from the time of knowledge.<\/p>\n<p style=\"text-align: justify;\"><strong>Limitation of liability for external links<\/strong><\/p>\n<p style=\"text-align: justify;\">Our website contains links to third-party websites (so-called &#8220;external links&#8221;). Since we have no influence on their contents, we cannot assume any liability for the external contents. The respective information provider of the linked website is always responsible for the content and accuracy of the information. At the time of linking, no legal violations were apparent. As soon as we become aware of an infringement, we will remove the respective link immediately.<\/p>\n<p style=\"text-align: justify;\"><strong>Copyright<\/strong><\/p>\n<p style=\"text-align: justify;\">The content and works published on this website are subject to German copyright law. Any duplication, processing, distribution, or any form of<\/p>\n<p style=\"text-align: justify;\">of the utilization outside the limits of copyright law require the prior written consent of the respective author or author.<\/p>\n<p>[\/et_pb_text][\/et_pb_column][\/et_pb_row][\/et_pb_section][et_pb_section fb_built=&#8221;1&#8243; _builder_version=&#8221;4.19.4&#8243; _module_preset=&#8221;default&#8221; global_colors_info=&#8221;{}&#8221;][et_pb_row _builder_version=&#8221;4.19.4&#8243; _module_preset=&#8221;default&#8221; width=&#8221;100%&#8221; global_colors_info=&#8221;{}&#8221;][et_pb_column type=&#8221;4_4&#8243; _builder_version=&#8221;4.19.4&#8243; _module_preset=&#8221;default&#8221; global_colors_info=&#8221;{}&#8221;][et_pb_code _builder_version=&#8221;4.19.4&#8243; _module_preset=&#8221;default&#8221; global_colors_info=&#8221;{}&#8221;]<iframe src=\"https:\/\/www.google.com\/maps\/embed?pb=!1m18!1m12!1m3!1d2552.4238565534683!2d8.6151792!3d50.227986!2m3!1f0!2f0!3f0!3m2!1i1024!2i768!4f13.1!3m3!1m2!1s0x47bd079bb2f23f8f%3A0x5bbda0d66d1d2857!2sAudenstra%C3%9Fe%202-4%2C%2061348%20Bad%20Homburg%20vor%20der%20H%C3%B6he!5e0!3m2!1sde!2sde!4v1675356289705!5m2!1sde!2sde\" width=\"100%\" height=\"600\" style=\"border:0;\" allowfullscreen=\"\" loading=\"lazy\" referrerpolicy=\"no-referrer-when-downgrade\"><\/iframe>[\/et_pb_code][\/et_pb_column][\/et_pb_row][\/et_pb_section]<\/p>\n","protected":false},"excerpt":{"rendered":"<p>Imprint Information according to \u00a7 5 TMG El-Maghraby Language ServiceAudenstra\u00dfe 2-461348 Bad Homburg Management: Sabri El-Maghraby USt-ID: DE238573428 Responsible according to \u00a7 55 para. 2 RStV:Sabri El-Maghraby (address as above) Contact Tel: 06172 49 58 921Tel: 06172 49 58 922Fax: 06172 49 58 920Mobil: 0176 38 41 69 57E-Mail: info@sprachendienst-el-maghraby.de EU Dispute Resolution The European [&hellip;]<\/p>\n","protected":false},"author":1,"featured_media":0,"parent":0,"menu_order":0,"comment_status":"closed","ping_status":"closed","template":"","meta":{"_et_pb_use_builder":"on","_et_pb_old_content":"","_et_gb_content_width":""},"_links":{"self":[{"href":"https:\/\/sprachendienst-el-maghraby.de\/en\/wp-json\/wp\/v2\/pages\/354"}],"collection":[{"href":"https:\/\/sprachendienst-el-maghraby.de\/en\/wp-json\/wp\/v2\/pages"}],"about":[{"href":"https:\/\/sprachendienst-el-maghraby.de\/en\/wp-json\/wp\/v2\/types\/page"}],"author":[{"embeddable":true,"href":"https:\/\/sprachendienst-el-maghraby.de\/en\/wp-json\/wp\/v2\/users\/1"}],"replies":[{"embeddable":true,"href":"https:\/\/sprachendienst-el-maghraby.de\/en\/wp-json\/wp\/v2\/comments?post=354"}],"version-history":[{"count":5,"href":"https:\/\/sprachendienst-el-maghraby.de\/en\/wp-json\/wp\/v2\/pages\/354\/revisions"}],"predecessor-version":[{"id":550,"href":"https:\/\/sprachendienst-el-maghraby.de\/en\/wp-json\/wp\/v2\/pages\/354\/revisions\/550"}],"wp:attachment":[{"href":"https:\/\/sprachendienst-el-maghraby.de\/en\/wp-json\/wp\/v2\/media?parent=354"}],"curies":[{"name":"wp","href":"https:\/\/api.w.org\/{rel}","templated":true}]}}